{"id":5780,"date":"2025-05-09T14:37:38","date_gmt":"2025-05-09T12:37:38","guid":{"rendered":"https:\/\/sompirineu.cat\/senderia\/?page_id=5780"},"modified":"2025-07-05T08:18:55","modified_gmt":"2025-07-05T06:18:55","slug":"seccions","status":"publish","type":"page","link":"https:\/\/sompirineu.cat\/senderia\/seccions\/","title":{"rendered":"Seccions"},"content":{"rendered":"\t\t<div data-elementor-type=\"wp-page\" data-elementor-id=\"5780\" class=\"elementor elementor-5780\" data-elementor-post-type=\"page\">\n\t\t\t\t\t\t<section class=\"elementor-section elementor-top-section elementor-element elementor-element-cba3717 elementor-section-boxed elementor-section-height-default elementor-section-height-default\" data-id=\"cba3717\" data-element_type=\"section\" data-settings=\"{&quot;background_background&quot;:&quot;classic&quot;}\">\n\t\t\t\t\t\t<div class=\"elementor-container elementor-column-gap-default\">\n\t\t\t\t\t<div class=\"elementor-column elementor-col-100 elementor-top-column elementor-element elementor-element-c492b68\" data-id=\"c492b68\" data-element_type=\"column\">\n\t\t\t<div class=\"elementor-widget-wrap elementor-element-populated\">\n\t\t\t\t\t\t<div class=\"elementor-element elementor-element-8599ae6 elementor-widget elementor-widget-spacer\" data-id=\"8599ae6\" data-element_type=\"widget\" data-widget_type=\"spacer.default\">\n\t\t\t\t<div class=\"elementor-widget-container\">\n\t\t\t\t\t\t\t<div class=\"elementor-spacer\">\n\t\t\t<div class=\"elementor-spacer-inner\"><\/div>\n\t\t<\/div>\n\t\t\t\t\t\t<\/div>\n\t\t\t\t<\/div>\n\t\t\t\t<div class=\"elementor-element elementor-element-b12b518 elementor-widget elementor-widget-heading\" data-id=\"b12b518\" data-element_type=\"widget\" data-widget_type=\"heading.default\">\n\t\t\t\t<div class=\"elementor-widget-container\">\n\t\t\t\t\t<h1 class=\"elementor-heading-title elementor-size-default\">Seccions<\/h1>\t\t\t\t<\/div>\n\t\t\t\t<\/div>\n\t\t\t\t<div class=\"elementor-element elementor-element-fb56069 elementor-widget-divider--view-line elementor-widget elementor-widget-global elementor-global-6066 elementor-widget-divider\" data-id=\"fb56069\" data-element_type=\"widget\" data-widget_type=\"divider.default\">\n\t\t\t\t<div class=\"elementor-widget-container\">\n\t\t\t\t\t\t\t<div class=\"elementor-divider\">\n\t\t\t<span class=\"elementor-divider-separator\">\n\t\t\t\t\t\t<\/span>\n\t\t<\/div>\n\t\t\t\t\t\t<\/div>\n\t\t\t\t<\/div>\n\t\t\t\t<div class=\"elementor-element elementor-element-cbd2a11 elementor-widget elementor-widget-spacer\" data-id=\"cbd2a11\" data-element_type=\"widget\" data-widget_type=\"spacer.default\">\n\t\t\t\t<div class=\"elementor-widget-container\">\n\t\t\t\t\t\t\t<div class=\"elementor-spacer\">\n\t\t\t<div class=\"elementor-spacer-inner\"><\/div>\n\t\t<\/div>\n\t\t\t\t\t\t<\/div>\n\t\t\t\t<\/div>\n\t\t\t\t\t<\/div>\n\t\t<\/div>\n\t\t\t\t\t<\/div>\n\t\t<\/section>\n\t\t\t\t<section class=\"elementor-section elementor-top-section elementor-element elementor-element-224c9be0 elementor-section-boxed elementor-section-height-default elementor-section-height-default\" data-id=\"224c9be0\" data-element_type=\"section\">\n\t\t\t\t\t\t<div class=\"elementor-container elementor-column-gap-no\">\n\t\t\t\t\t<div class=\"elementor-column elementor-col-100 elementor-top-column elementor-element elementor-element-45286f8d\" data-id=\"45286f8d\" data-element_type=\"column\">\n\t\t\t<div class=\"elementor-widget-wrap elementor-element-populated\">\n\t\t\t\t\t\t<section class=\"elementor-section elementor-inner-section elementor-element elementor-element-2ad4ead elementor-section-boxed elementor-section-height-default elementor-section-height-default\" data-id=\"2ad4ead\" data-element_type=\"section\">\n\t\t\t\t\t\t<div class=\"elementor-container elementor-column-gap-no\">\n\t\t\t\t\t<div class=\"elementor-column elementor-col-50 elementor-inner-column elementor-element elementor-element-9176115\" data-id=\"9176115\" data-element_type=\"column\">\n\t\t\t<div class=\"elementor-widget-wrap elementor-element-populated\">\n\t\t\t\t\t\t<div class=\"elementor-element elementor-element-b2ad289 elementor-widget elementor-widget-image\" data-id=\"b2ad289\" data-element_type=\"widget\" data-widget_type=\"image.default\">\n\t\t\t\t<div class=\"elementor-widget-container\">\n\t\t\t\t\t\t\t\t\t\t\t\t\t\t\t<img fetchpriority=\"high\" decoding=\"async\" width=\"1024\" height=\"309\" src=\"https:\/\/sompirineu.cat\/senderia\/wp-content\/uploads\/2025\/05\/Captura-de-pantalla-2025-05-09-a-les-3.19.32\u202fp.-m-1024x309.png\" class=\"attachment-large size-large wp-image-5809\" alt=\"\" srcset=\"https:\/\/sompirineu.cat\/senderia\/wp-content\/uploads\/2025\/05\/Captura-de-pantalla-2025-05-09-a-les-3.19.32\u202fp.-m-1024x309.png 1024w, https:\/\/sompirineu.cat\/senderia\/wp-content\/uploads\/2025\/05\/Captura-de-pantalla-2025-05-09-a-les-3.19.32\u202fp.-m-300x91.png 300w, https:\/\/sompirineu.cat\/senderia\/wp-content\/uploads\/2025\/05\/Captura-de-pantalla-2025-05-09-a-les-3.19.32\u202fp.-m-768x232.png 768w, https:\/\/sompirineu.cat\/senderia\/wp-content\/uploads\/2025\/05\/Captura-de-pantalla-2025-05-09-a-les-3.19.32\u202fp.-m-1536x464.png 1536w, https:\/\/sompirineu.cat\/senderia\/wp-content\/uploads\/2025\/05\/Captura-de-pantalla-2025-05-09-a-les-3.19.32\u202fp.-m.png 2026w\" sizes=\"(max-width: 1024px) 100vw, 1024px\" \/>\t\t\t\t\t\t\t\t\t\t\t\t\t\t\t<\/div>\n\t\t\t\t<\/div>\n\t\t\t\t<div class=\"elementor-element elementor-element-bd2178f elementor-widget__width-initial elementor-widget elementor-widget-text-editor\" data-id=\"bd2178f\" data-element_type=\"widget\" data-widget_type=\"text-editor.default\">\n\t\t\t\t<div class=\"elementor-widget-container\">\n\t\t\t\t\t\t\t\t\t<p>Els camins s\u00f3n el fil conductor (i connector) de la revista SENd\u00c8RIA, per\u00f2 tenen moltes lectures i es poden abordar des de m\u00faltiples mirades.&nbsp;<\/p><p>Per aix\u00f2, hem estructurat la publicaci\u00f3 en diverses seccions, que tot seguit descrivim breument. Algunes s\u00f3n fixes, per\u00f2 d\u2019altres poden apar\u00e8ixer en un n\u00famero i en un altre desapar\u00e8ixer&#8230;<\/p>\t\t\t\t\t\t\t\t<\/div>\n\t\t\t\t<\/div>\n\t\t\t\t\t<\/div>\n\t\t<\/div>\n\t\t\t\t<div class=\"elementor-column elementor-col-50 elementor-inner-column elementor-element elementor-element-5112318\" data-id=\"5112318\" data-element_type=\"column\" data-settings=\"{&quot;background_background&quot;:&quot;classic&quot;}\">\n\t\t\t<div class=\"elementor-widget-wrap elementor-element-populated\">\n\t\t\t\t\t\t<div class=\"elementor-element elementor-element-10cc7ff elementor-widget elementor-widget-heading\" data-id=\"10cc7ff\" data-element_type=\"widget\" data-widget_type=\"heading.default\">\n\t\t\t\t<div class=\"elementor-widget-container\">\n\t\t\t\t\t<h3 class=\"elementor-heading-title elementor-size-default\">Seccions de SENd\u00c8RIA<\/h3>\t\t\t\t<\/div>\n\t\t\t\t<\/div>\n\t\t\t\t<div class=\"elementor-element elementor-element-44569b8 elementor-widget-divider--view-line elementor-widget elementor-widget-divider\" data-id=\"44569b8\" data-element_type=\"widget\" data-widget_type=\"divider.default\">\n\t\t\t\t<div class=\"elementor-widget-container\">\n\t\t\t\t\t\t\t<div class=\"elementor-divider\">\n\t\t\t<span class=\"elementor-divider-separator\">\n\t\t\t\t\t\t<\/span>\n\t\t<\/div>\n\t\t\t\t\t\t<\/div>\n\t\t\t\t<\/div>\n\t\t\t\t<div class=\"elementor-element elementor-element-a48c393 elementor-position-left elementor-vertical-align-top elementor-position-left elementor-vertical-align-top elementor-widget elementor-widget-image-box\" data-id=\"a48c393\" data-element_type=\"widget\" data-widget_type=\"image-box.default\">\n\t\t\t\t<div class=\"elementor-widget-container\">\n\t\t\t\t\t<div class=\"elementor-image-box-wrapper\"><figure class=\"elementor-image-box-img\"><img decoding=\"async\" width=\"354\" height=\"472\" src=\"https:\/\/sompirineu.cat\/senderia\/wp-content\/uploads\/2025\/05\/1.jpg\" class=\"attachment-full size-full wp-image-6269\" alt=\"\" srcset=\"https:\/\/sompirineu.cat\/senderia\/wp-content\/uploads\/2025\/05\/1.jpg 354w, https:\/\/sompirineu.cat\/senderia\/wp-content\/uploads\/2025\/05\/1-225x300.jpg 225w\" sizes=\"(max-width: 354px) 100vw, 354px\" \/><\/figure><div class=\"elementor-image-box-content\"><h3 class=\"elementor-image-box-title\">Obrint cam\u00ed<\/h3><p class=\"elementor-image-box-description\">\u00c9s l\u2019editorial de la revista. Els editors hi expressen la seva opini\u00f3, o posen l\u2019inc\u00eds en algun aspecte relacionat amb els camins. Tamb\u00e9 destaquen algun contingut de la revista.<\/p><\/div><\/div>\t\t\t\t<\/div>\n\t\t\t\t<\/div>\n\t\t\t\t<div class=\"elementor-element elementor-element-eae8eb7 elementor-position-left elementor-vertical-align-top elementor-vertical-align-top elementor-widget elementor-widget-image-box\" data-id=\"eae8eb7\" data-element_type=\"widget\" data-widget_type=\"image-box.default\">\n\t\t\t\t<div class=\"elementor-widget-container\">\n\t\t\t\t\t<div class=\"elementor-image-box-wrapper\"><figure class=\"elementor-image-box-img\"><img decoding=\"async\" width=\"354\" height=\"472\" src=\"https:\/\/sompirineu.cat\/senderia\/wp-content\/uploads\/2025\/05\/2.jpg\" class=\"attachment-full size-full wp-image-6268\" alt=\"\" srcset=\"https:\/\/sompirineu.cat\/senderia\/wp-content\/uploads\/2025\/05\/2.jpg 354w, https:\/\/sompirineu.cat\/senderia\/wp-content\/uploads\/2025\/05\/2-225x300.jpg 225w\" sizes=\"(max-width: 354px) 100vw, 354px\" \/><\/figure><div class=\"elementor-image-box-content\"><h3 class=\"elementor-image-box-title\">Camins d\u2019oportunitats<\/h3><p class=\"elementor-image-box-description\">Els camins s\u00f3n una font inesgotable d\u2019oportunitats per al desenvolupament socioecon\u00f2mic per\u00f2 tamb\u00e9 per enfortir la identitat local i generar canvis culturals. En aquesta secci\u00f3 s\u2019hi descriuen iniciatives territorials que destaquen en aquest \u00e0mbit.<\/p><\/div><\/div>\t\t\t\t<\/div>\n\t\t\t\t<\/div>\n\t\t\t\t<div class=\"elementor-element elementor-element-8c2fb73 elementor-position-left elementor-vertical-align-top elementor-vertical-align-top elementor-widget elementor-widget-image-box\" data-id=\"8c2fb73\" data-element_type=\"widget\" data-widget_type=\"image-box.default\">\n\t\t\t\t<div class=\"elementor-widget-container\">\n\t\t\t\t\t<div class=\"elementor-image-box-wrapper\"><figure class=\"elementor-image-box-img\"><img loading=\"lazy\" decoding=\"async\" width=\"354\" height=\"472\" src=\"https:\/\/sompirineu.cat\/senderia\/wp-content\/uploads\/2025\/05\/3.jpg\" class=\"attachment-full size-full wp-image-6267\" alt=\"\" srcset=\"https:\/\/sompirineu.cat\/senderia\/wp-content\/uploads\/2025\/05\/3.jpg 354w, https:\/\/sompirineu.cat\/senderia\/wp-content\/uploads\/2025\/05\/3-225x300.jpg 225w\" sizes=\"(max-width: 354px) 100vw, 354px\" \/><\/figure><div class=\"elementor-image-box-content\"><h3 class=\"elementor-image-box-title\">Fent cam\u00ed amb la recerca<\/h3><p class=\"elementor-image-box-description\">Els camins s\u00f3n objecte d\u2019an\u00e0lisi i estudi des de molts punts de vista: la geografia, la topon\u00edmia, la mem\u00f2ria hist\u00f2rica, l\u2019ecologia, el paisatge i fins i tot l\u2019art. Una secci\u00f3 dedicada a fer aflorar recerques vinculades als camins.<\/p><\/div><\/div>\t\t\t\t<\/div>\n\t\t\t\t<\/div>\n\t\t\t\t<div class=\"elementor-element elementor-element-7c1e0ef elementor-position-left elementor-vertical-align-top elementor-widget elementor-widget-image-box\" data-id=\"7c1e0ef\" data-element_type=\"widget\" data-widget_type=\"image-box.default\">\n\t\t\t\t<div class=\"elementor-widget-container\">\n\t\t\t\t\t<div class=\"elementor-image-box-wrapper\"><figure class=\"elementor-image-box-img\"><img loading=\"lazy\" decoding=\"async\" width=\"354\" height=\"472\" src=\"https:\/\/sompirineu.cat\/senderia\/wp-content\/uploads\/2025\/05\/4.jpg\" class=\"attachment-full size-full wp-image-6266\" alt=\"\" srcset=\"https:\/\/sompirineu.cat\/senderia\/wp-content\/uploads\/2025\/05\/4.jpg 354w, https:\/\/sompirineu.cat\/senderia\/wp-content\/uploads\/2025\/05\/4-225x300.jpg 225w\" sizes=\"(max-width: 354px) 100vw, 354px\" \/><\/figure><div class=\"elementor-image-box-content\"><h3 class=\"elementor-image-box-title\">L\u2019art de deixar petjada<\/h3><p class=\"elementor-image-box-description\">Els camins i el caminar han inspirat al llarg de la hist\u00f2ria la creaci\u00f3 d\u2019obres art\u00edstiques i de relats literaris, ja siguin quadres, il\u00b7lustracions, llibres, poemes o pel\u00b7l\u00edcules, entre d\u2019altres. I encara avui segueixen fent-ho!<\/p><\/div><\/div>\t\t\t\t<\/div>\n\t\t\t\t<\/div>\n\t\t\t\t<div class=\"elementor-element elementor-element-711a33d elementor-position-left elementor-vertical-align-top elementor-widget elementor-widget-image-box\" data-id=\"711a33d\" data-element_type=\"widget\" data-widget_type=\"image-box.default\">\n\t\t\t\t<div class=\"elementor-widget-container\">\n\t\t\t\t\t<div class=\"elementor-image-box-wrapper\"><figure class=\"elementor-image-box-img\"><img loading=\"lazy\" decoding=\"async\" width=\"354\" height=\"472\" src=\"https:\/\/sompirineu.cat\/senderia\/wp-content\/uploads\/2025\/05\/5.jpg\" class=\"attachment-full size-full wp-image-6265\" alt=\"\" srcset=\"https:\/\/sompirineu.cat\/senderia\/wp-content\/uploads\/2025\/05\/5.jpg 354w, https:\/\/sompirineu.cat\/senderia\/wp-content\/uploads\/2025\/05\/5-225x300.jpg 225w\" sizes=\"(max-width: 354px) 100vw, 354px\" \/><\/figure><div class=\"elementor-image-box-content\"><h3 class=\"elementor-image-box-title\">Moure\u2019s a poc a poc<\/h3><p class=\"elementor-image-box-description\">La mobilitat activa, \u00e9s a dir, aquella que es fa a peu, en bicicleta o en altres mitjans no motoritzats, t\u00e9 en els camins un recurs essencial. Una secci\u00f3 amb reflexions i iniciatives per fomentar aquesta mobilitat \u201clenta\u201d en territoris de muntanya.<\/p><\/div><\/div>\t\t\t\t<\/div>\n\t\t\t\t<\/div>\n\t\t\t\t<div class=\"elementor-element elementor-element-264565b elementor-position-left elementor-vertical-align-top elementor-widget elementor-widget-image-box\" data-id=\"264565b\" data-element_type=\"widget\" data-widget_type=\"image-box.default\">\n\t\t\t\t<div class=\"elementor-widget-container\">\n\t\t\t\t\t<div class=\"elementor-image-box-wrapper\"><figure class=\"elementor-image-box-img\"><img loading=\"lazy\" decoding=\"async\" width=\"354\" height=\"472\" src=\"https:\/\/sompirineu.cat\/senderia\/wp-content\/uploads\/2025\/05\/6.jpg\" class=\"attachment-full size-full wp-image-6264\" alt=\"\" srcset=\"https:\/\/sompirineu.cat\/senderia\/wp-content\/uploads\/2025\/05\/6.jpg 354w, https:\/\/sompirineu.cat\/senderia\/wp-content\/uploads\/2025\/05\/6-225x300.jpg 225w\" sizes=\"(max-width: 354px) 100vw, 354px\" \/><\/figure><div class=\"elementor-image-box-content\"><h3 class=\"elementor-image-box-title\">Reflexions pausades<\/h3><p class=\"elementor-image-box-description\">\u00c9s la secci\u00f3 m\u00e9s filos\u00f2fica i a la vegada la m\u00e9s controvertida. Filos\u00f2fica perqu\u00e8 inclou reflexions profundes d\u2019experts en camins i caminar, i controvertida perqu\u00e8 cada n\u00famero aborda un debat sobre un tema d\u2019actualitat, i ho fa des de diversos punts de vista.<\/p><\/div><\/div>\t\t\t\t<\/div>\n\t\t\t\t<\/div>\n\t\t\t\t<div class=\"elementor-element elementor-element-8adaf3d elementor-position-left elementor-vertical-align-top elementor-widget elementor-widget-image-box\" data-id=\"8adaf3d\" data-element_type=\"widget\" data-widget_type=\"image-box.default\">\n\t\t\t\t<div class=\"elementor-widget-container\">\n\t\t\t\t\t<div class=\"elementor-image-box-wrapper\"><figure class=\"elementor-image-box-img\"><img loading=\"lazy\" decoding=\"async\" width=\"354\" height=\"472\" src=\"https:\/\/sompirineu.cat\/senderia\/wp-content\/uploads\/2025\/05\/9.jpg\" class=\"attachment-full size-full wp-image-6271\" alt=\"\" srcset=\"https:\/\/sompirineu.cat\/senderia\/wp-content\/uploads\/2025\/05\/9.jpg 354w, https:\/\/sompirineu.cat\/senderia\/wp-content\/uploads\/2025\/05\/9-225x300.jpg 225w\" sizes=\"(max-width: 354px) 100vw, 354px\" \/><\/figure><div class=\"elementor-image-box-content\"><h3 class=\"elementor-image-box-title\">La via saludable<\/h3><p class=\"elementor-image-box-description\">Una secci\u00f3 dedicada als nombrosos beneficis que t\u00e9 el caminar per a la salut f\u00edsica, mental i espiritual. Avui en dia, la lentitud dels despla\u00e7aments a peu ens aporta benestar, tranquil\u00b7litat i espais per a la reflexi\u00f3.<\/p><\/div><\/div>\t\t\t\t<\/div>\n\t\t\t\t<\/div>\n\t\t\t\t<div class=\"elementor-element elementor-element-d950e56 elementor-position-left elementor-vertical-align-top elementor-widget elementor-widget-image-box\" data-id=\"d950e56\" data-element_type=\"widget\" data-widget_type=\"image-box.default\">\n\t\t\t\t<div class=\"elementor-widget-container\">\n\t\t\t\t\t<div class=\"elementor-image-box-wrapper\"><figure class=\"elementor-image-box-img\"><img loading=\"lazy\" decoding=\"async\" width=\"354\" height=\"472\" src=\"https:\/\/sompirineu.cat\/senderia\/wp-content\/uploads\/2025\/05\/7.jpg\" class=\"attachment-full size-full wp-image-6263\" alt=\"\" srcset=\"https:\/\/sompirineu.cat\/senderia\/wp-content\/uploads\/2025\/05\/7.jpg 354w, https:\/\/sompirineu.cat\/senderia\/wp-content\/uploads\/2025\/05\/7-225x300.jpg 225w\" sizes=\"(max-width: 354px) 100vw, 354px\" \/><\/figure><div class=\"elementor-image-box-content\"><h3 class=\"elementor-image-box-title\">Senders amb hist\u00f2ria<\/h3><p class=\"elementor-image-box-description\">Els camins s\u00f3n testimonis silenciosos de la mem\u00f2ria hist\u00f2rica, i tamb\u00e9 dels canvis que experimenten les societats, els usos del territori i els costums de les persones. Els camins s\u00f3n i han estat fonts de mites i llegendes, de relats reals i d\u2019hist\u00f2ries imagin\u00e0ries.<\/p><\/div><\/div>\t\t\t\t<\/div>\n\t\t\t\t<\/div>\n\t\t\t\t<div class=\"elementor-element elementor-element-0271e6b elementor-position-left elementor-vertical-align-top elementor-widget elementor-widget-image-box\" data-id=\"0271e6b\" data-element_type=\"widget\" data-widget_type=\"image-box.default\">\n\t\t\t\t<div class=\"elementor-widget-container\">\n\t\t\t\t\t<div class=\"elementor-image-box-wrapper\"><figure class=\"elementor-image-box-img\"><img loading=\"lazy\" decoding=\"async\" width=\"354\" height=\"472\" src=\"https:\/\/sompirineu.cat\/senderia\/wp-content\/uploads\/2025\/05\/8.jpg\" class=\"attachment-full size-full wp-image-6262\" alt=\"\" srcset=\"https:\/\/sompirineu.cat\/senderia\/wp-content\/uploads\/2025\/05\/8.jpg 354w, https:\/\/sompirineu.cat\/senderia\/wp-content\/uploads\/2025\/05\/8-225x300.jpg 225w\" sizes=\"(max-width: 354px) 100vw, 354px\" \/><\/figure><div class=\"elementor-image-box-content\"><h3 class=\"elementor-image-box-title\"> Experi\u00e8ncies amb empremta <\/h3><p class=\"elementor-image-box-description\">Moltes persones tenen, en el seu record, viv\u00e8ncies associades als camins, d\u2019aquelles que queden per sempre. Per tancar la revista, incloem una secci\u00f3 on alg\u00fa ens comparteix alguna d\u2019aquestes experi\u00e8ncies personals.<\/p><\/div><\/div>\t\t\t\t<\/div>\n\t\t\t\t<\/div>\n\t\t\t\t\t<\/div>\n\t\t<\/div>\n\t\t\t\t\t<\/div>\n\t\t<\/section>\n\t\t\t\t\t<\/div>\n\t\t<\/div>\n\t\t\t\t\t<\/div>\n\t\t<\/section>\n\t\t\t\t<section class=\"elementor-section elementor-top-section elementor-element elementor-element-f3a33e7 elementor-section-boxed elementor-section-height-default elementor-section-height-default\" data-id=\"f3a33e7\" data-element_type=\"section\">\n\t\t\t\t\t\t<div class=\"elementor-container elementor-column-gap-default\">\n\t\t\t\t\t<div class=\"elementor-column elementor-col-100 elementor-top-column elementor-element elementor-element-ecb18b8\" data-id=\"ecb18b8\" data-element_type=\"column\">\n\t\t\t<div class=\"elementor-widget-wrap elementor-element-populated\">\n\t\t\t\t\t\t<div class=\"elementor-element elementor-element-5580d7f elementor-widget elementor-widget-spacer\" data-id=\"5580d7f\" data-element_type=\"widget\" data-widget_type=\"spacer.default\">\n\t\t\t\t<div class=\"elementor-widget-container\">\n\t\t\t\t\t\t\t<div class=\"elementor-spacer\">\n\t\t\t<div class=\"elementor-spacer-inner\"><\/div>\n\t\t<\/div>\n\t\t\t\t\t\t<\/div>\n\t\t\t\t<\/div>\n\t\t\t\t\t<\/div>\n\t\t<\/div>\n\t\t\t\t\t<\/div>\n\t\t<\/section>\n\t\t\t\t<section class=\"elementor-section elementor-top-section elementor-element elementor-element-19e3c2b elementor-section-boxed elementor-section-height-default elementor-section-height-default\" data-id=\"19e3c2b\" data-element_type=\"section\">\n\t\t\t\t\t\t<div class=\"elementor-container elementor-column-gap-default\">\n\t\t\t\t\t<div class=\"elementor-column elementor-col-100 elementor-top-column elementor-element elementor-element-e3d3c51\" data-id=\"e3d3c51\" data-element_type=\"column\">\n\t\t\t<div class=\"elementor-widget-wrap\">\n\t\t\t\t\t\t\t<\/div>\n\t\t<\/div>\n\t\t\t\t\t<\/div>\n\t\t<\/section>\n\t\t\t\t<\/div>\n\t\t","protected":false},"excerpt":{"rendered":"<p>Els camins s\u00f3n el fil conductor (i connector) de la revista SENd\u00c8RIA, per\u00f2 tenen moltes [&hellip;]<\/p>\n","protected":false},"author":1,"featured_media":0,"parent":0,"menu_order":0,"comment_status":"closed","ping_status":"closed","template":"","meta":{"site-sidebar-layout":"default","site-content-layout":"","ast-site-content-layout":"default","site-content-style":"default","site-sidebar-style":"default","ast-global-header-display":"","ast-banner-title-visibility":"","ast-main-header-display":"","ast-hfb-above-header-display":"","ast-hfb-below-header-display":"","ast-hfb-mobile-header-display":"","site-post-title":"disabled","ast-breadcrumbs-content":"","ast-featured-img":"","footer-sml-layout":"","theme-transparent-header-meta":"default","adv-header-id-meta":"","stick-header-meta":"default","header-above-stick-meta":"","header-main-stick-meta":"","header-below-stick-meta":"","astra-migrate-meta-layouts":"set","ast-page-background-enabled":"default","ast-page-background-meta":{"desktop":{"background-color":"var(--ast-global-color-4)","background-image":"","background-repeat":"repeat","background-position":"center center","background-size":"auto","background-attachment":"scroll","background-type":"","background-media":"","overlay-type":"","overlay-color":"","overlay-opacity":"","overlay-gradient":""},"tablet":{"background-color":"","background-image":"","background-repeat":"repeat","background-position":"center center","background-size":"auto","background-attachment":"scroll","background-type":"","background-media":"","overlay-type":"","overlay-color":"","overlay-opacity":"","overlay-gradient":""},"mobile":{"background-color":"","background-image":"","background-repeat":"repeat","background-position":"center center","background-size":"auto","background-attachment":"scroll","background-type":"","background-media":"","overlay-type":"","overlay-color":"","overlay-opacity":"","overlay-gradient":""}},"ast-content-background-meta":{"desktop":{"background-color":"var(--ast-global-color-5)","background-image":"","background-repeat":"repeat","background-position":"center center","background-size":"auto","background-attachment":"scroll","background-type":"","background-media":"","overlay-type":"","overlay-color":"","overlay-opacity":"","overlay-gradient":""},"tablet":{"background-color":"var(--ast-global-color-5)","background-image":"","background-repeat":"repeat","background-position":"center center","background-size":"auto","background-attachment":"scroll","background-type":"","background-media":"","overlay-type":"","overlay-color":"","overlay-opacity":"","overlay-gradient":""},"mobile":{"background-color":"var(--ast-global-color-5)","background-image":"","background-repeat":"repeat","background-position":"center center","background-size":"auto","background-attachment":"scroll","background-type":"","background-media":"","overlay-type":"","overlay-color":"","overlay-opacity":"","overlay-gradient":""}},"footnotes":""},"class_list":["post-5780","page","type-page","status-publish","hentry"],"_links":{"self":[{"href":"https:\/\/sompirineu.cat\/senderia\/wp-json\/wp\/v2\/pages\/5780","targetHints":{"allow":["GET"]}}],"collection":[{"href":"https:\/\/sompirineu.cat\/senderia\/wp-json\/wp\/v2\/pages"}],"about":[{"href":"https:\/\/sompirineu.cat\/senderia\/wp-json\/wp\/v2\/types\/page"}],"author":[{"embeddable":true,"href":"https:\/\/sompirineu.cat\/senderia\/wp-json\/wp\/v2\/users\/1"}],"replies":[{"embeddable":true,"href":"https:\/\/sompirineu.cat\/senderia\/wp-json\/wp\/v2\/comments?post=5780"}],"version-history":[{"count":54,"href":"https:\/\/sompirineu.cat\/senderia\/wp-json\/wp\/v2\/pages\/5780\/revisions"}],"predecessor-version":[{"id":6368,"href":"https:\/\/sompirineu.cat\/senderia\/wp-json\/wp\/v2\/pages\/5780\/revisions\/6368"}],"wp:attachment":[{"href":"https:\/\/sompirineu.cat\/senderia\/wp-json\/wp\/v2\/media?parent=5780"}],"curies":[{"name":"wp","href":"https:\/\/api.w.org\/{rel}","templated":true}]}}